{"id":20,"date":"2020-03-11T09:00:30","date_gmt":"2020-03-11T09:00:30","guid":{"rendered":"https:\/\/bsg-bauensanieren.de\/?page_id=20"},"modified":"2022-02-10T13:44:09","modified_gmt":"2022-02-10T13:44:09","slug":"aussenfassade","status":"publish","type":"page","link":"https:\/\/bsg-bauensanieren.de\/index.php\/leistungen\/aussenfassade\/","title":{"rendered":"Au\u00dfenfassade"},"content":{"rendered":"<div class=\"fusion-fullwidth fullwidth-box fusion-builder-row-1 fusion-flex-container nonhundred-percent-fullwidth non-hundred-percent-height-scrolling\" style=\"background-color: rgba(255,255,255,0);background-position: center center;background-repeat: no-repeat;border-width: 0px 0px 0px 0px;border-color:#e2e2e2;border-style:solid;\" ><div class=\"fusion-builder-row fusion-row fusion-flex-align-items-flex-start\" style=\"max-width:1185.6px;margin-left: calc(-4% \/ 2 );margin-right: calc(-4% \/ 2 );\"><div class=\"fusion-layout-column fusion_builder_column fusion-builder-column-0 fusion_builder_column_1_1 1_1 fusion-flex-column fusion-animated\" data-animationType=\"fadeInUp\" data-animationDuration=\"1.0\" data-animationOffset=\"top-into-view\"><div class=\"fusion-column-wrapper lazyload fusion-flex-justify-content-center fusion-content-layout-column\" style=\"background-position:left center;background-repeat:no-repeat;-webkit-background-size:cover;-moz-background-size:cover;-o-background-size:cover;background-size:cover;border-radius:8px 8px 8px 8px;border-radius:8px 8px 8px 8px;overflow:hidden;padding: 40px 40px 40px 40px;\" data-bg-url=\"https:\/\/bsg-bauensanieren.de\/wp-content\/uploads\/2020\/03\/24-hour-callout-background.jpg\" data-bg=\"https:\/\/bsg-bauensanieren.de\/wp-content\/uploads\/2020\/03\/24-hour-callout-background.jpg\"><div class=\"fusion-builder-row fusion-builder-row-inner fusion-row fusion-flex-align-items-flex-start\" style=\"width:104% !important;max-width:104% !important;margin-left: calc(-4% \/ 2 );margin-right: calc(-4% \/ 2 );\"><div class=\"fusion-layout-column fusion_builder_column_inner fusion-builder-nested-column-0 fusion_builder_column_inner_1_2 1_2 fusion-flex-column fusion-no-small-visibility fusion-no-medium-visibility\"><div class=\"fusion-column-wrapper fusion-flex-justify-content-center fusion-content-layout-column\" style=\"background-position:left top;background-repeat:no-repeat;-webkit-background-size:cover;-moz-background-size:cover;-o-background-size:cover;background-size:cover;padding: 0px 0px 0px 0px;\"><style type=\"text\/css\">@media only screen and (max-width:1024px) {.fusion-title.fusion-title-1{margin-top:0px!important; margin-right:0px!important;margin-bottom:0px!important;margin-left:0px!important;}}@media only screen and (max-width:640px) {.fusion-title.fusion-title-1{margin-top:0px!important; margin-right:0px!important;margin-bottom:0px!important; margin-left:0px!important;}}<\/style><div class=\"fusion-title title fusion-title-1 fusion-sep-none fusion-title-text fusion-title-size-two\" style=\"font-size:34px;margin-top:0px;margin-right:0px;margin-bottom:0px;margin-left:0px;\"><h2 class=\"title-heading-left fusion-responsive-typography-calculated\" style=\"font-family:&quot;Poppins&quot;;font-weight:700;margin:0;font-size:1em;color:#ffffff;--fontSize:34;line-height:1.2;\">Fragen? Wir helfen gerne weiter.<\/h2><\/div><\/div><style type=\"text\/css\">.fusion-body .fusion-builder-nested-column-0{width:50% !important;margin-top : 0px;margin-bottom : 0px;}.fusion-builder-nested-column-0 > .fusion-column-wrapper {padding-top : 0px !important;padding-right : 0px !important;margin-right : 3.84%;padding-bottom : 0px !important;padding-left : 0px !important;margin-left : 3.84%;}@media only screen and (max-width:1024px) {.fusion-body .fusion-builder-nested-column-0{width:100% !important;}.fusion-builder-nested-column-0 > .fusion-column-wrapper {margin-right : 1.92%;margin-left : 1.92%;}}@media only screen and (max-width:640px) {.fusion-body .fusion-builder-nested-column-0{width:100% !important;}.fusion-builder-nested-column-0 > .fusion-column-wrapper {margin-right : 1.92%;margin-left : 1.92%;}}<\/style><\/div><div class=\"fusion-layout-column fusion_builder_column_inner fusion-builder-nested-column-1 fusion_builder_column_inner_1_2 1_2 fusion-flex-column fusion-no-small-visibility fusion-no-medium-visibility\"><div class=\"fusion-column-wrapper fusion-flex-justify-content-center fusion-content-layout-column\" style=\"background-position:left top;background-repeat:no-repeat;-webkit-background-size:cover;-moz-background-size:cover;-o-background-size:cover;background-size:cover;padding: 0px 0px 0px 0px;\"><div style=\"text-align:right;\"><style>.fusion-button.button-1 .fusion-button-text,.fusion-button.button-1 i{color:#3d66ae;}.fusion-button.button-1{border-color:#ffffff;border-radius:0 0 0 0;background:#ffffff;}.fusion-button.button-1:hover .fusion-button-text,.fusion-button.button-1:hover i,.fusion-button.button-1:focus .fusion-button-text,.fusion-button.button-1:focus i,.fusion-button.button-1:active .fusion-button-text,.fusion-button.button-1:active i{color:#ffffff;}.fusion-button.button-1:hover,.fusion-button.button-1:active,.fusion-button.button-1:focus{border-color:#ffffff;background:#3d66ae;}<\/style><a class=\"fusion-button button-flat fusion-button-default-size button-custom button-1 fusion-button-default-span fusion-button-default-type\" target=\"_self\" title=\"Wir sind gerne f\u00fcr Sie da.\" href=\"tel:022517021760\"><span class=\"fusion-button-text\">Jetzt anrufen<\/span><\/a><\/div><\/div><style type=\"text\/css\">.fusion-body .fusion-builder-nested-column-1{width:50% !important;margin-top : 0px;margin-bottom : 0px;}.fusion-builder-nested-column-1 > .fusion-column-wrapper {padding-top : 0px !important;padding-right : 0px !important;margin-right : 3.84%;padding-bottom : 0px !important;padding-left : 0px !important;margin-left : 3.84%;}@media only screen and (max-width:1024px) {.fusion-body .fusion-builder-nested-column-1{width:100% !important;}.fusion-builder-nested-column-1 > .fusion-column-wrapper {margin-right : 1.92%;margin-left : 1.92%;}}@media only screen and (max-width:640px) {.fusion-body .fusion-builder-nested-column-1{width:100% !important;}.fusion-builder-nested-column-1 > .fusion-column-wrapper {margin-right : 1.92%;margin-left : 1.92%;}}<\/style><\/div><\/div><div class=\"fusion-builder-row fusion-builder-row-inner fusion-row fusion-flex-align-items-flex-start\" style=\"width:104% !important;max-width:104% !important;margin-left: calc(-4% \/ 2 );margin-right: calc(-4% \/ 2 );\"><div class=\"fusion-layout-column fusion_builder_column_inner fusion-builder-nested-column-2 fusion_builder_column_inner_1_2 1_2 fusion-flex-column fusion-no-large-visibility\"><div class=\"fusion-column-wrapper fusion-flex-justify-content-center fusion-content-layout-column\" style=\"background-position:left top;background-repeat:no-repeat;-webkit-background-size:cover;-moz-background-size:cover;-o-background-size:cover;background-size:cover;padding: 0px 0px 0px 0px;\"><style type=\"text\/css\">@media only screen and (max-width:1024px) {.fusion-title.fusion-title-2{margin-top:0px!important; margin-right:0px!important;margin-bottom:0px!important;margin-left:0px!important;}}@media only screen and (max-width:640px) {.fusion-title.fusion-title-2{margin-top:0px!important; margin-right:0px!important;margin-bottom:30px!important; margin-left:0px!important;}}<\/style><div class=\"fusion-title title fusion-title-2 fusion-sep-none fusion-title-center fusion-title-text fusion-title-size-two\" style=\"font-size:34px;margin-top:0px;margin-right:0px;margin-bottom:0px;margin-left:0px;\"><h2 class=\"title-heading-center fusion-responsive-typography-calculated\" style=\"font-family:&quot;Poppins&quot;;font-weight:700;margin:0;font-size:1em;color:#ffffff;--fontSize:34;line-height:1.2;\">Sie haben Fragen?<\/h2><\/div><\/div><style type=\"text\/css\">.fusion-body .fusion-builder-nested-column-2{width:50% !important;margin-top : 0px;margin-bottom : 0px;}.fusion-builder-nested-column-2 > .fusion-column-wrapper {padding-top : 0px !important;padding-right : 0px !important;margin-right : 3.84%;padding-bottom : 0px !important;padding-left : 0px !important;margin-left : 3.84%;}@media only screen and (max-width:1024px) {.fusion-body .fusion-builder-nested-column-2{width:100% !important;}.fusion-builder-nested-column-2 > .fusion-column-wrapper {margin-right : 1.92%;margin-left : 1.92%;}}@media only screen and (max-width:640px) {.fusion-body .fusion-builder-nested-column-2{width:100% !important;}.fusion-builder-nested-column-2 > .fusion-column-wrapper {margin-right : 1.92%;margin-left : 1.92%;}}<\/style><\/div><div class=\"fusion-layout-column fusion_builder_column_inner fusion-builder-nested-column-3 fusion_builder_column_inner_1_2 1_2 fusion-flex-column fusion-no-large-visibility\"><div class=\"fusion-column-wrapper fusion-flex-justify-content-center fusion-content-layout-column\" style=\"background-position:left top;background-repeat:no-repeat;-webkit-background-size:cover;-moz-background-size:cover;-o-background-size:cover;background-size:cover;padding: 0px 0px 0px 0px;\"><div style=\"text-align:center;\"><style>.fusion-button.button-2 .fusion-button-text,.fusion-button.button-2 i{color:#3d66ae;}.fusion-button.button-2{border-color:#ffffff;border-radius:0 0 0 0;background:#ffffff;}.fusion-button.button-2:hover .fusion-button-text,.fusion-button.button-2:hover i,.fusion-button.button-2:focus .fusion-button-text,.fusion-button.button-2:focus i,.fusion-button.button-2:active .fusion-button-text,.fusion-button.button-2:active i{color:#ffffff;}.fusion-button.button-2:hover,.fusion-button.button-2:active,.fusion-button.button-2:focus{border-color:#ffffff;background:#3d66ae;}<\/style><a class=\"fusion-button button-flat fusion-button-default-size button-custom button-2 fusion-button-default-span fusion-button-default-type\" target=\"_self\" title=\"Explore All Of Our Services\" href=\"tel:022517021760\"><span class=\"fusion-button-text\">Jetzt anrufen<\/span><\/a><\/div><\/div><style type=\"text\/css\">.fusion-body .fusion-builder-nested-column-3{width:50% !important;margin-top : 0px;margin-bottom : 0px;}.fusion-builder-nested-column-3 > .fusion-column-wrapper {padding-top : 0px !important;padding-right : 0px !important;margin-right : 3.84%;padding-bottom : 0px !important;padding-left : 0px !important;margin-left : 3.84%;}@media only screen and (max-width:1024px) {.fusion-body .fusion-builder-nested-column-3{width:100% !important;}.fusion-builder-nested-column-3 > .fusion-column-wrapper {margin-right : 1.92%;margin-left : 1.92%;}}@media only screen and (max-width:640px) {.fusion-body .fusion-builder-nested-column-3{width:100% !important;}.fusion-builder-nested-column-3 > .fusion-column-wrapper {margin-right : 1.92%;margin-left : 1.92%;}}<\/style><\/div><\/div><\/div><style type=\"text\/css\">.fusion-body .fusion-builder-column-0{width:100% !important;margin-top : 0px;margin-bottom : 30px;}.fusion-builder-column-0 > .fusion-column-wrapper {padding-top : 40px !important;padding-right : 40px !important;margin-right : 1.92%;padding-bottom : 40px !important;padding-left : 40px !important;margin-left : 1.92%;}@media only screen and (max-width:1024px) {.fusion-body .fusion-builder-column-0{width:100% !important;}.fusion-builder-column-0 > .fusion-column-wrapper {margin-right : 1.92%;margin-left : 1.92%;}}@media only screen and (max-width:640px) {.fusion-body .fusion-builder-column-0{width:100% !important;}.fusion-builder-column-0 > .fusion-column-wrapper {margin-right : 1.92%;margin-left : 1.92%;}}<\/style><\/div><div class=\"fusion-layout-column fusion_builder_column fusion-builder-column-1 fusion_builder_column_1_1 1_1 fusion-flex-column fusion-animated\" data-animationType=\"fadeInUp\" data-animationDuration=\"1.0\" data-animationOffset=\"top-into-view\"><div class=\"fusion-column-wrapper fusion-flex-justify-content-flex-start fusion-content-layout-column\" style=\"background-position:left top;background-repeat:no-repeat;-webkit-background-size:cover;-moz-background-size:cover;-o-background-size:cover;background-size:cover;padding: 0px 0px 0px 0px;\"><div ><span class=\" fusion-imageframe imageframe-none imageframe-1 hover-type-none\" style=\"border-radius:8px;\"><img width=\"800\" height=\"533\" title=\"Aussenfassade eines Hauses\" src=\"https:\/\/bsg-bauensanieren.de\/wp-content\/uploads\/2021\/11\/pexels-pixabay-358636-scaled.jpg\" data-orig-src=\"https:\/\/bsg-bauensanieren.de\/wp-content\/uploads\/2021\/11\/pexels-pixabay-358636-800x533.jpg\" alt class=\"lazyload img-responsive wp-image-1062\" srcset=\"data:image\/svg+xml,%3Csvg%20xmlns%3D%27http%3A%2F%2Fwww.w3.org%2F2000%2Fsvg%27%20width%3D%272560%27%20height%3D%271705%27%20viewBox%3D%270%200%202560%201705%27%3E%3Crect%20width%3D%272560%27%20height%3D%271705%27%20fill-opacity%3D%220%22%2F%3E%3C%2Fsvg%3E\" data-srcset=\"https:\/\/bsg-bauensanieren.de\/wp-content\/uploads\/2021\/11\/pexels-pixabay-358636-200x133.jpg 200w, https:\/\/bsg-bauensanieren.de\/wp-content\/uploads\/2021\/11\/pexels-pixabay-358636-400x266.jpg 400w, https:\/\/bsg-bauensanieren.de\/wp-content\/uploads\/2021\/11\/pexels-pixabay-358636-600x400.jpg 600w, https:\/\/bsg-bauensanieren.de\/wp-content\/uploads\/2021\/11\/pexels-pixabay-358636-800x533.jpg 800w, https:\/\/bsg-bauensanieren.de\/wp-content\/uploads\/2021\/11\/pexels-pixabay-358636-1200x799.jpg 1200w\" data-sizes=\"auto\" data-orig-sizes=\"(max-width: 1024px) 100vw, (max-width: 640px) 100vw, 1200px\" \/><\/span><\/div><style type=\"text\/css\">@media only screen and (max-width:1024px) {.fusion-title.fusion-title-3{margin-top:40px!important; margin-right:0px!important;margin-bottom:30px!important;margin-left:0px!important;}}@media only screen and (max-width:640px) {.fusion-title.fusion-title-3{margin-top:40px!important; margin-right:0px!important;margin-bottom:30px!important; margin-left:0px!important;}}<\/style><div class=\"fusion-title title fusion-title-3 fusion-sep-none fusion-title-text fusion-title-size-two\" style=\"margin-top:40px;margin-right:0px;margin-bottom:30px;margin-left:0px;\"><h2 class=\"title-heading-left fusion-responsive-typography-calculated\" style=\"font-family:&quot;Poppins&quot;;font-weight:700;margin:0;--fontSize:27.2;line-height:1.13;\">Au\u00dfenfassade<\/h2><\/div><div class=\"fusion-text fusion-text-1\"><p>Bevor wir uns an die Instandsetzung Ihrer Au\u00dfenfassade machen, pr\u00fcfen wir diese genauestens auf Haarrisse und Hohlr\u00e4ume. Wir bauen ausschlie\u00dflich auf festem Untergrund f\u00fcr ein stabiles Zuhause. In enger Absprache mit Ihren erstellen wir einen kreativen Plan bez\u00fcglich Farbe und Stil der Au\u00dfenfassade. Nachdem wir einen Stil festgelegt haben planen wir den Ger\u00fcstaufbau. Nach einer sauberen Abdeckung von Fenster, T\u00fcren &amp; Co. beginnen wir mit der Arbeit. Sauber &amp; effizient.<\/p>\n<\/div><\/div><style type=\"text\/css\">.fusion-body .fusion-builder-column-1{width:100% !important;margin-top : 0px;margin-bottom : 20px;}.fusion-builder-column-1 > .fusion-column-wrapper {padding-top : 0px !important;padding-right : 0px !important;margin-right : 1.92%;padding-bottom : 0px !important;padding-left : 0px !important;margin-left : 1.92%;}@media only screen and (max-width:1024px) {.fusion-body .fusion-builder-column-1{width:100% !important;}.fusion-builder-column-1 > .fusion-column-wrapper {margin-right : 1.92%;margin-left : 1.92%;}}@media only screen and (max-width:640px) {.fusion-body .fusion-builder-column-1{width:100% !important;}.fusion-builder-column-1 > .fusion-column-wrapper {margin-right : 1.92%;margin-left : 1.92%;}}<\/style><\/div><\/div><style type=\"text\/css\">.fusion-body .fusion-flex-container.fusion-builder-row-1{ padding-top : 0px;margin-top : 0px;padding-right : 0px;padding-bottom : 0px;margin-bottom : 0px;padding-left : 0px;}<\/style><\/div>\n","protected":false},"excerpt":{"rendered":"","protected":false},"author":1,"featured_media":1064,"parent":14,"menu_order":0,"comment_status":"closed","ping_status":"closed","template":"100-width.php","meta":[],"yoast_head":"<!-- This site is optimized with the Yoast SEO plugin v18.4.1 - https:\/\/yoast.com\/wordpress\/plugins\/seo\/ -->\n<title>Au\u00dfenfassade - BSG GmbH<\/title>\n<meta name=\"description\" content=\"Mit jahrelanger Erfahrung k\u00fcmmern wir uns um die Instandsetzung und Sanierung ihrer Au\u00dfenfassade, egal ob Zuhause oder B\u00fcro.\" \/>\n<meta name=\"robots\" content=\"index, follow, max-snippet:-1, max-image-preview:large, max-video-preview:-1\" \/>\n<link rel=\"canonical\" href=\"https:\/\/bsg-bauensanieren.de\/index.php\/leistungen\/aussenfassade\/\" \/>\n<meta property=\"og:locale\" content=\"de_DE\" \/>\n<meta property=\"og:type\" content=\"article\" \/>\n<meta property=\"og:title\" content=\"Au\u00dfenfassade - BSG GmbH\" \/>\n<meta property=\"og:description\" content=\"Mit jahrelanger Erfahrung k\u00fcmmern wir uns um die Instandsetzung und Sanierung ihrer Au\u00dfenfassade, egal ob Zuhause oder B\u00fcro.\" \/>\n<meta property=\"og:url\" content=\"https:\/\/bsg-bauensanieren.de\/index.php\/leistungen\/aussenfassade\/\" \/>\n<meta property=\"og:site_name\" content=\"BSG GmbH\" \/>\n<meta property=\"article:modified_time\" content=\"2022-02-10T13:44:09+00:00\" \/>\n<meta property=\"og:image\" content=\"https:\/\/bsg-bauensanieren.de\/wp-content\/uploads\/2021\/11\/fassade.jpg\" \/>\n\t<meta property=\"og:image:width\" content=\"1920\" \/>\n\t<meta property=\"og:image:height\" content=\"1080\" \/>\n\t<meta property=\"og:image:type\" content=\"image\/jpeg\" \/>\n<meta name=\"twitter:card\" content=\"summary_large_image\" \/>\n<meta name=\"twitter:label1\" content=\"Gesch\u00e4tzte Lesezeit\" \/>\n\t<meta name=\"twitter:data1\" content=\"13\u00a0Minuten\" \/>\n<script type=\"application\/ld+json\" class=\"yoast-schema-graph\">{\"@context\":\"https:\/\/schema.org\",\"@graph\":[{\"@type\":\"WebSite\",\"@id\":\"https:\/\/bsg-bauensanieren.de\/#website\",\"url\":\"https:\/\/bsg-bauensanieren.de\/\",\"name\":\"BSG GmbH\",\"description\":\"Bauen &amp; Sanieren\",\"potentialAction\":[{\"@type\":\"SearchAction\",\"target\":{\"@type\":\"EntryPoint\",\"urlTemplate\":\"https:\/\/bsg-bauensanieren.de\/?s={search_term_string}\"},\"query-input\":\"required name=search_term_string\"}],\"inLanguage\":\"de\"},{\"@type\":\"ImageObject\",\"@id\":\"https:\/\/bsg-bauensanieren.de\/index.php\/leistungen\/aussenfassade\/#primaryimage\",\"inLanguage\":\"de\",\"url\":\"https:\/\/bsg-bauensanieren.de\/wp-content\/uploads\/2021\/11\/fassade.jpg\",\"contentUrl\":\"https:\/\/bsg-bauensanieren.de\/wp-content\/uploads\/2021\/11\/fassade.jpg\",\"width\":1920,\"height\":1080},{\"@type\":\"WebPage\",\"@id\":\"https:\/\/bsg-bauensanieren.de\/index.php\/leistungen\/aussenfassade\/#webpage\",\"url\":\"https:\/\/bsg-bauensanieren.de\/index.php\/leistungen\/aussenfassade\/\",\"name\":\"Au\u00dfenfassade - BSG GmbH\",\"isPartOf\":{\"@id\":\"https:\/\/bsg-bauensanieren.de\/#website\"},\"primaryImageOfPage\":{\"@id\":\"https:\/\/bsg-bauensanieren.de\/index.php\/leistungen\/aussenfassade\/#primaryimage\"},\"datePublished\":\"2020-03-11T09:00:30+00:00\",\"dateModified\":\"2022-02-10T13:44:09+00:00\",\"description\":\"Mit jahrelanger Erfahrung k\u00fcmmern wir uns um die Instandsetzung und Sanierung ihrer Au\u00dfenfassade, egal ob Zuhause oder B\u00fcro.\",\"breadcrumb\":{\"@id\":\"https:\/\/bsg-bauensanieren.de\/index.php\/leistungen\/aussenfassade\/#breadcrumb\"},\"inLanguage\":\"de\",\"potentialAction\":[{\"@type\":\"ReadAction\",\"target\":[\"https:\/\/bsg-bauensanieren.de\/index.php\/leistungen\/aussenfassade\/\"]}]},{\"@type\":\"BreadcrumbList\",\"@id\":\"https:\/\/bsg-bauensanieren.de\/index.php\/leistungen\/aussenfassade\/#breadcrumb\",\"itemListElement\":[{\"@type\":\"ListItem\",\"position\":1,\"name\":\"Startseite\",\"item\":\"https:\/\/bsg-bauensanieren.de\/\"},{\"@type\":\"ListItem\",\"position\":2,\"name\":\"Leistungen\",\"item\":\"https:\/\/bsg-bauensanieren.de\/index.php\/leistungen\/\"},{\"@type\":\"ListItem\",\"position\":3,\"name\":\"Au\u00dfenfassade\"}]}]}<\/script>\n<!-- \/ Yoast SEO plugin. -->","yoast_head_json":{"title":"Au\u00dfenfassade - BSG GmbH","description":"Mit jahrelanger Erfahrung k\u00fcmmern wir uns um die Instandsetzung und Sanierung ihrer Au\u00dfenfassade, egal ob Zuhause oder B\u00fcro.","robots":{"index":"index","follow":"follow","max-snippet":"max-snippet:-1","max-image-preview":"max-image-preview:large","max-video-preview":"max-video-preview:-1"},"canonical":"https:\/\/bsg-bauensanieren.de\/index.php\/leistungen\/aussenfassade\/","og_locale":"de_DE","og_type":"article","og_title":"Au\u00dfenfassade - BSG GmbH","og_description":"Mit jahrelanger Erfahrung k\u00fcmmern wir uns um die Instandsetzung und Sanierung ihrer Au\u00dfenfassade, egal ob Zuhause oder B\u00fcro.","og_url":"https:\/\/bsg-bauensanieren.de\/index.php\/leistungen\/aussenfassade\/","og_site_name":"BSG GmbH","article_modified_time":"2022-02-10T13:44:09+00:00","og_image":[{"width":1920,"height":1080,"url":"https:\/\/bsg-bauensanieren.de\/wp-content\/uploads\/2021\/11\/fassade.jpg","type":"image\/jpeg"}],"twitter_card":"summary_large_image","twitter_misc":{"Gesch\u00e4tzte Lesezeit":"13\u00a0Minuten"},"schema":{"@context":"https:\/\/schema.org","@graph":[{"@type":"WebSite","@id":"https:\/\/bsg-bauensanieren.de\/#website","url":"https:\/\/bsg-bauensanieren.de\/","name":"BSG GmbH","description":"Bauen &amp; Sanieren","potentialAction":[{"@type":"SearchAction","target":{"@type":"EntryPoint","urlTemplate":"https:\/\/bsg-bauensanieren.de\/?s={search_term_string}"},"query-input":"required name=search_term_string"}],"inLanguage":"de"},{"@type":"ImageObject","@id":"https:\/\/bsg-bauensanieren.de\/index.php\/leistungen\/aussenfassade\/#primaryimage","inLanguage":"de","url":"https:\/\/bsg-bauensanieren.de\/wp-content\/uploads\/2021\/11\/fassade.jpg","contentUrl":"https:\/\/bsg-bauensanieren.de\/wp-content\/uploads\/2021\/11\/fassade.jpg","width":1920,"height":1080},{"@type":"WebPage","@id":"https:\/\/bsg-bauensanieren.de\/index.php\/leistungen\/aussenfassade\/#webpage","url":"https:\/\/bsg-bauensanieren.de\/index.php\/leistungen\/aussenfassade\/","name":"Au\u00dfenfassade - BSG GmbH","isPartOf":{"@id":"https:\/\/bsg-bauensanieren.de\/#website"},"primaryImageOfPage":{"@id":"https:\/\/bsg-bauensanieren.de\/index.php\/leistungen\/aussenfassade\/#primaryimage"},"datePublished":"2020-03-11T09:00:30+00:00","dateModified":"2022-02-10T13:44:09+00:00","description":"Mit jahrelanger Erfahrung k\u00fcmmern wir uns um die Instandsetzung und Sanierung ihrer Au\u00dfenfassade, egal ob Zuhause oder B\u00fcro.","breadcrumb":{"@id":"https:\/\/bsg-bauensanieren.de\/index.php\/leistungen\/aussenfassade\/#breadcrumb"},"inLanguage":"de","potentialAction":[{"@type":"ReadAction","target":["https:\/\/bsg-bauensanieren.de\/index.php\/leistungen\/aussenfassade\/"]}]},{"@type":"BreadcrumbList","@id":"https:\/\/bsg-bauensanieren.de\/index.php\/leistungen\/aussenfassade\/#breadcrumb","itemListElement":[{"@type":"ListItem","position":1,"name":"Startseite","item":"https:\/\/bsg-bauensanieren.de\/"},{"@type":"ListItem","position":2,"name":"Leistungen","item":"https:\/\/bsg-bauensanieren.de\/index.php\/leistungen\/"},{"@type":"ListItem","position":3,"name":"Au\u00dfenfassade"}]}]}},"_links":{"self":[{"href":"https:\/\/bsg-bauensanieren.de\/index.php\/wp-json\/wp\/v2\/pages\/20"}],"collection":[{"href":"https:\/\/bsg-bauensanieren.de\/index.php\/wp-json\/wp\/v2\/pages"}],"about":[{"href":"https:\/\/bsg-bauensanieren.de\/index.php\/wp-json\/wp\/v2\/types\/page"}],"author":[{"embeddable":true,"href":"https:\/\/bsg-bauensanieren.de\/index.php\/wp-json\/wp\/v2\/users\/1"}],"replies":[{"embeddable":true,"href":"https:\/\/bsg-bauensanieren.de\/index.php\/wp-json\/wp\/v2\/comments?post=20"}],"version-history":[{"count":5,"href":"https:\/\/bsg-bauensanieren.de\/index.php\/wp-json\/wp\/v2\/pages\/20\/revisions"}],"predecessor-version":[{"id":1186,"href":"https:\/\/bsg-bauensanieren.de\/index.php\/wp-json\/wp\/v2\/pages\/20\/revisions\/1186"}],"up":[{"embeddable":true,"href":"https:\/\/bsg-bauensanieren.de\/index.php\/wp-json\/wp\/v2\/pages\/14"}],"wp:featuredmedia":[{"embeddable":true,"href":"https:\/\/bsg-bauensanieren.de\/index.php\/wp-json\/wp\/v2\/media\/1064"}],"wp:attachment":[{"href":"https:\/\/bsg-bauensanieren.de\/index.php\/wp-json\/wp\/v2\/media?parent=20"}],"curies":[{"name":"wp","href":"https:\/\/api.w.org\/{rel}","templated":true}]}}