{"id":24,"date":"2020-03-11T09:01:14","date_gmt":"2020-03-11T09:01:14","guid":{"rendered":"https:\/\/bsg-bauensanieren.de\/?page_id=24"},"modified":"2022-02-10T13:45:21","modified_gmt":"2022-02-10T13:45:21","slug":"malerarbeiten","status":"publish","type":"page","link":"https:\/\/bsg-bauensanieren.de\/index.php\/leistungen\/malerarbeiten\/","title":{"rendered":"Malerarbeiten"},"content":{"rendered":"<div class=\"fusion-fullwidth fullwidth-box fusion-builder-row-1 fusion-flex-container nonhundred-percent-fullwidth non-hundred-percent-height-scrolling\" style=\"background-color: rgba(255,255,255,0);background-position: center center;background-repeat: no-repeat;border-width: 0px 0px 0px 0px;border-color:#e2e2e2;border-style:solid;\" ><div class=\"fusion-builder-row fusion-row fusion-flex-align-items-flex-start\" style=\"max-width:1185.6px;margin-left: calc(-4% \/ 2 );margin-right: calc(-4% \/ 2 );\"><div class=\"fusion-layout-column fusion_builder_column fusion-builder-column-0 fusion_builder_column_1_1 1_1 fusion-flex-column fusion-animated\" data-animationType=\"fadeInUp\" data-animationDuration=\"1.0\" data-animationOffset=\"top-into-view\"><div class=\"fusion-column-wrapper lazyload fusion-flex-justify-content-center fusion-content-layout-column\" style=\"background-position:left center;background-repeat:no-repeat;-webkit-background-size:cover;-moz-background-size:cover;-o-background-size:cover;background-size:cover;border-radius:8px 8px 8px 8px;border-radius:8px 8px 8px 8px;overflow:hidden;padding: 40px 40px 40px 40px;\" data-bg-url=\"https:\/\/bsg-bauensanieren.de\/wp-content\/uploads\/2020\/03\/24-hour-callout-background.jpg\" data-bg=\"https:\/\/bsg-bauensanieren.de\/wp-content\/uploads\/2020\/03\/24-hour-callout-background.jpg\"><div class=\"fusion-builder-row fusion-builder-row-inner fusion-row fusion-flex-align-items-flex-start\" style=\"width:104% !important;max-width:104% !important;margin-left: calc(-4% \/ 2 );margin-right: calc(-4% \/ 2 );\"><div class=\"fusion-layout-column fusion_builder_column_inner fusion-builder-nested-column-0 fusion_builder_column_inner_1_2 1_2 fusion-flex-column fusion-no-small-visibility fusion-no-medium-visibility\"><div class=\"fusion-column-wrapper fusion-flex-justify-content-center fusion-content-layout-column\" style=\"background-position:left top;background-repeat:no-repeat;-webkit-background-size:cover;-moz-background-size:cover;-o-background-size:cover;background-size:cover;padding: 0px 0px 0px 0px;\"><style type=\"text\/css\">@media only screen and (max-width:1024px) {.fusion-title.fusion-title-1{margin-top:0px!important; margin-right:0px!important;margin-bottom:0px!important;margin-left:0px!important;}}@media only screen and (max-width:640px) {.fusion-title.fusion-title-1{margin-top:0px!important; margin-right:0px!important;margin-bottom:0px!important; margin-left:0px!important;}}<\/style><div class=\"fusion-title title fusion-title-1 fusion-sep-none fusion-title-text fusion-title-size-two\" style=\"font-size:34px;margin-top:0px;margin-right:0px;margin-bottom:0px;margin-left:0px;\"><h2 class=\"title-heading-left fusion-responsive-typography-calculated\" style=\"font-family:&quot;Poppins&quot;;font-weight:700;margin:0;font-size:1em;color:#ffffff;--fontSize:34;line-height:1.2;\">Lassen Sie sich beraten.<\/h2><\/div><\/div><style type=\"text\/css\">.fusion-body .fusion-builder-nested-column-0{width:50% !important;margin-top : 0px;margin-bottom : 0px;}.fusion-builder-nested-column-0 > .fusion-column-wrapper {padding-top : 0px !important;padding-right : 0px !important;margin-right : 3.84%;padding-bottom : 0px !important;padding-left : 0px !important;margin-left : 3.84%;}@media only screen and (max-width:1024px) {.fusion-body .fusion-builder-nested-column-0{width:100% !important;}.fusion-builder-nested-column-0 > .fusion-column-wrapper {margin-right : 1.92%;margin-left : 1.92%;}}@media only screen and (max-width:640px) {.fusion-body .fusion-builder-nested-column-0{width:100% !important;}.fusion-builder-nested-column-0 > .fusion-column-wrapper {margin-right : 1.92%;margin-left : 1.92%;}}<\/style><\/div><div class=\"fusion-layout-column fusion_builder_column_inner fusion-builder-nested-column-1 fusion_builder_column_inner_1_2 1_2 fusion-flex-column fusion-no-small-visibility fusion-no-medium-visibility\"><div class=\"fusion-column-wrapper fusion-flex-justify-content-center fusion-content-layout-column\" style=\"background-position:left top;background-repeat:no-repeat;-webkit-background-size:cover;-moz-background-size:cover;-o-background-size:cover;background-size:cover;padding: 0px 0px 0px 0px;\"><div style=\"text-align:right;\"><style>.fusion-button.button-1 .fusion-button-text,.fusion-button.button-1 i{color:#3d66ae;}.fusion-button.button-1{border-color:#ffffff;border-radius:0 0 0 0;background:#ffffff;}.fusion-button.button-1:hover .fusion-button-text,.fusion-button.button-1:hover i,.fusion-button.button-1:focus .fusion-button-text,.fusion-button.button-1:focus i,.fusion-button.button-1:active .fusion-button-text,.fusion-button.button-1:active i{color:#ffffff;}.fusion-button.button-1:hover,.fusion-button.button-1:active,.fusion-button.button-1:focus{border-color:#ffffff;background:#3d66ae;}<\/style><a class=\"fusion-button button-flat fusion-button-default-size button-custom button-1 fusion-button-default-span fusion-button-default-type\" target=\"_self\" title=\"Wir stehen Ihnen beratend zur Seite.\" href=\"tel:022517021760\"><span class=\"fusion-button-text\">Jetzt anrufen<\/span><\/a><\/div><\/div><style type=\"text\/css\">.fusion-body .fusion-builder-nested-column-1{width:50% !important;margin-top : 0px;margin-bottom : 0px;}.fusion-builder-nested-column-1 > .fusion-column-wrapper {padding-top : 0px !important;padding-right : 0px !important;margin-right : 3.84%;padding-bottom : 0px !important;padding-left : 0px !important;margin-left : 3.84%;}@media only screen and (max-width:1024px) {.fusion-body .fusion-builder-nested-column-1{width:100% !important;}.fusion-builder-nested-column-1 > .fusion-column-wrapper {margin-right : 1.92%;margin-left : 1.92%;}}@media only screen and (max-width:640px) {.fusion-body .fusion-builder-nested-column-1{width:100% !important;}.fusion-builder-nested-column-1 > .fusion-column-wrapper {margin-right : 1.92%;margin-left : 1.92%;}}<\/style><\/div><\/div><div class=\"fusion-builder-row fusion-builder-row-inner fusion-row fusion-flex-align-items-flex-start\" style=\"width:104% !important;max-width:104% !important;margin-left: calc(-4% \/ 2 );margin-right: calc(-4% \/ 2 );\"><div class=\"fusion-layout-column fusion_builder_column_inner fusion-builder-nested-column-2 fusion_builder_column_inner_1_2 1_2 fusion-flex-column fusion-no-large-visibility\"><div class=\"fusion-column-wrapper fusion-flex-justify-content-center fusion-content-layout-column\" style=\"background-position:left top;background-repeat:no-repeat;-webkit-background-size:cover;-moz-background-size:cover;-o-background-size:cover;background-size:cover;padding: 0px 0px 0px 0px;\"><style type=\"text\/css\">@media only screen and (max-width:1024px) {.fusion-title.fusion-title-2{margin-top:0px!important; margin-right:0px!important;margin-bottom:0px!important;margin-left:0px!important;}}@media only screen and (max-width:640px) {.fusion-title.fusion-title-2{margin-top:0px!important; margin-right:0px!important;margin-bottom:30px!important; margin-left:0px!important;}}<\/style><div class=\"fusion-title title fusion-title-2 fusion-sep-none fusion-title-center fusion-title-text fusion-title-size-two\" style=\"font-size:34px;margin-top:0px;margin-right:0px;margin-bottom:0px;margin-left:0px;\"><h2 class=\"title-heading-center fusion-responsive-typography-calculated\" style=\"font-family:&quot;Poppins&quot;;font-weight:700;margin:0;font-size:1em;color:#ffffff;--fontSize:34;line-height:1.2;\">Fragen? Wir sind f\u00fcr Sie da.<\/h2><\/div><\/div><style type=\"text\/css\">.fusion-body .fusion-builder-nested-column-2{width:50% !important;margin-top : 0px;margin-bottom : 0px;}.fusion-builder-nested-column-2 > .fusion-column-wrapper {padding-top : 0px !important;padding-right : 0px !important;margin-right : 3.84%;padding-bottom : 0px !important;padding-left : 0px !important;margin-left : 3.84%;}@media only screen and (max-width:1024px) {.fusion-body .fusion-builder-nested-column-2{width:100% !important;}.fusion-builder-nested-column-2 > .fusion-column-wrapper {margin-right : 1.92%;margin-left : 1.92%;}}@media only screen and (max-width:640px) {.fusion-body .fusion-builder-nested-column-2{width:100% !important;}.fusion-builder-nested-column-2 > .fusion-column-wrapper {margin-right : 1.92%;margin-left : 1.92%;}}<\/style><\/div><div class=\"fusion-layout-column fusion_builder_column_inner fusion-builder-nested-column-3 fusion_builder_column_inner_1_2 1_2 fusion-flex-column fusion-no-large-visibility\"><div class=\"fusion-column-wrapper fusion-flex-justify-content-center fusion-content-layout-column\" style=\"background-position:left top;background-repeat:no-repeat;-webkit-background-size:cover;-moz-background-size:cover;-o-background-size:cover;background-size:cover;padding: 0px 0px 0px 0px;\"><div style=\"text-align:center;\"><style>.fusion-button.button-2 .fusion-button-text,.fusion-button.button-2 i{color:#3d66ae;}.fusion-button.button-2{border-color:#ffffff;border-radius:0 0 0 0;background:#ffffff;}.fusion-button.button-2:hover .fusion-button-text,.fusion-button.button-2:hover i,.fusion-button.button-2:focus .fusion-button-text,.fusion-button.button-2:focus i,.fusion-button.button-2:active .fusion-button-text,.fusion-button.button-2:active i{color:#ffffff;}.fusion-button.button-2:hover,.fusion-button.button-2:active,.fusion-button.button-2:focus{border-color:#ffffff;background:#3d66ae;}<\/style><a class=\"fusion-button button-flat fusion-button-default-size button-custom button-2 fusion-button-default-span fusion-button-default-type\" target=\"_self\" title=\"Wir sind f\u00fcr Sie da.\" href=\"tel:022517021760\"><span class=\"fusion-button-text\">Jetzt beraten lassen<\/span><\/a><\/div><\/div><style type=\"text\/css\">.fusion-body .fusion-builder-nested-column-3{width:50% !important;margin-top : 0px;margin-bottom : 0px;}.fusion-builder-nested-column-3 > .fusion-column-wrapper {padding-top : 0px !important;padding-right : 0px !important;margin-right : 3.84%;padding-bottom : 0px !important;padding-left : 0px !important;margin-left : 3.84%;}@media only screen and (max-width:1024px) {.fusion-body .fusion-builder-nested-column-3{width:100% !important;}.fusion-builder-nested-column-3 > .fusion-column-wrapper {margin-right : 1.92%;margin-left : 1.92%;}}@media only screen and (max-width:640px) {.fusion-body .fusion-builder-nested-column-3{width:100% !important;}.fusion-builder-nested-column-3 > .fusion-column-wrapper {margin-right : 1.92%;margin-left : 1.92%;}}<\/style><\/div><\/div><\/div><style type=\"text\/css\">.fusion-body .fusion-builder-column-0{width:100% !important;margin-top : 0px;margin-bottom : 30px;}.fusion-builder-column-0 > .fusion-column-wrapper {padding-top : 40px !important;padding-right : 40px !important;margin-right : 1.92%;padding-bottom : 40px !important;padding-left : 40px !important;margin-left : 1.92%;}@media only screen and (max-width:1024px) {.fusion-body .fusion-builder-column-0{width:100% !important;}.fusion-builder-column-0 > .fusion-column-wrapper {margin-right : 1.92%;margin-left : 1.92%;}}@media only screen and (max-width:640px) {.fusion-body .fusion-builder-column-0{width:100% !important;}.fusion-builder-column-0 > .fusion-column-wrapper {margin-right : 1.92%;margin-left : 1.92%;}}<\/style><\/div><div class=\"fusion-layout-column fusion_builder_column fusion-builder-column-1 fusion_builder_column_1_1 1_1 fusion-flex-column fusion-animated\" data-animationType=\"fadeInUp\" data-animationDuration=\"1.0\" data-animationOffset=\"top-into-view\"><div class=\"fusion-column-wrapper fusion-flex-justify-content-flex-start fusion-content-layout-column\" style=\"background-position:left top;background-repeat:no-repeat;-webkit-background-size:cover;-moz-background-size:cover;-o-background-size:cover;background-size:cover;padding: 0px 0px 0px 0px;\"><div ><span class=\" fusion-imageframe imageframe-none imageframe-1 hover-type-none\" style=\"border-radius:8px;\"><img width=\"800\" height=\"534\" alt=\"Malerarbeiten, Mann auf Leiter\" title=\"malerarbeiten\" src=\"https:\/\/bsg-bauensanieren.de\/wp-content\/uploads\/2021\/11\/pexels-ksenia-chernaya-5691471-scaled.jpg\" data-orig-src=\"https:\/\/bsg-bauensanieren.de\/wp-content\/uploads\/2021\/11\/pexels-ksenia-chernaya-5691471-800x534.jpg\" class=\"lazyload img-responsive wp-image-1112\" srcset=\"data:image\/svg+xml,%3Csvg%20xmlns%3D%27http%3A%2F%2Fwww.w3.org%2F2000%2Fsvg%27%20width%3D%272560%27%20height%3D%271709%27%20viewBox%3D%270%200%202560%201709%27%3E%3Crect%20width%3D%272560%27%20height%3D%271709%27%20fill-opacity%3D%220%22%2F%3E%3C%2Fsvg%3E\" data-srcset=\"https:\/\/bsg-bauensanieren.de\/wp-content\/uploads\/2021\/11\/pexels-ksenia-chernaya-5691471-200x134.jpg 200w, https:\/\/bsg-bauensanieren.de\/wp-content\/uploads\/2021\/11\/pexels-ksenia-chernaya-5691471-400x267.jpg 400w, https:\/\/bsg-bauensanieren.de\/wp-content\/uploads\/2021\/11\/pexels-ksenia-chernaya-5691471-600x401.jpg 600w, https:\/\/bsg-bauensanieren.de\/wp-content\/uploads\/2021\/11\/pexels-ksenia-chernaya-5691471-800x534.jpg 800w, https:\/\/bsg-bauensanieren.de\/wp-content\/uploads\/2021\/11\/pexels-ksenia-chernaya-5691471-1200x801.jpg 1200w\" data-sizes=\"auto\" data-orig-sizes=\"(max-width: 1024px) 100vw, (max-width: 640px) 100vw, 1200px\" \/><\/span><\/div><style type=\"text\/css\">@media only screen and (max-width:1024px) {.fusion-title.fusion-title-3{margin-top:40px!important; margin-right:0px!important;margin-bottom:30px!important;margin-left:0px!important;}}@media only screen and (max-width:640px) {.fusion-title.fusion-title-3{margin-top:40px!important; margin-right:0px!important;margin-bottom:30px!important; margin-left:0px!important;}}<\/style><div class=\"fusion-title title fusion-title-3 fusion-sep-none fusion-title-text fusion-title-size-two\" style=\"margin-top:40px;margin-right:0px;margin-bottom:30px;margin-left:0px;\"><h2 class=\"title-heading-left fusion-responsive-typography-calculated\" style=\"font-family:&quot;Poppins&quot;;font-weight:700;margin:0;--fontSize:27.2;line-height:1.13;\">Malerarbeiten<\/h2><\/div><div class=\"fusion-text fusion-text-1\"><p>Ob Wohnungen, H\u00e4user oder Gesch\u00e4ftsr\u00e4ume &#8211; wir arbeiten mit h\u00f6chster Pr\u00e4zision, um Ihren Anspr\u00fcchen gerecht zu werden. Dabei ist die Sauberkeit und Ordnung f\u00fcr uns an erster Stelle. Wir garantieren Ihnen eine durchg\u00e4ngige Nutzung der R\u00e4ume w\u00e4hrend unser Arbeiten, wenn Sie das w\u00fcnschen. Der Schutz Ihrer M\u00f6bel und Einbauten liegt uns am Herzen, weswegen Wir diese fachgerecht abdecken und zu sch\u00fctzen wissen. Da bei Malerarbeiten eine Entstehung von Staub nicht selten ist, garantieren wir auch hier das Absaugen mit branchenspezifischen Ger\u00e4ten.<\/p>\n<\/div><style type=\"text\/css\">@media only screen and (max-width:1024px) {.fusion-title.fusion-title-4{margin-top:40px!important; margin-right:0px!important;margin-bottom:30px!important;margin-left:0px!important;}}@media only screen and (max-width:640px) {.fusion-title.fusion-title-4{margin-top:40px!important; margin-right:0px!important;margin-bottom:30px!important; margin-left:0px!important;}}<\/style><div class=\"fusion-title title fusion-title-4 fusion-sep-none fusion-title-text fusion-title-size-three\" style=\"margin-top:40px;margin-right:0px;margin-bottom:30px;margin-left:0px;\"><h3 class=\"title-heading-left fusion-responsive-typography-calculated\" style=\"font-family:&quot;Poppins&quot;;font-weight:700;margin:0;--fontSize:19.2;line-height:1.13;\">Unsere Malerarbeiten umfassen:<\/h3><\/div><ul class=\"fusion-checklist fusion-checklist-1\" style=\"font-size:16px;line-height:27.2px;\"><li style=\"background-color:rgba(255,255,255,0);\" class=\"fusion-li-item\"><span style=\"background-color:#444d7f;font-size:14.08px;height:27.2px;width:27.2px;margin-right:11.2px;\" class=\"icon-wrapper circle-yes\"><i class=\"fusion-li-icon fa-check fas\" style=\"color:#ffffff;\" aria-hidden=\"true\"><\/i><\/span><div class=\"fusion-li-item-content\" style=\"margin-left:38.4px;color:#3f3f3f;\">\n<p>Farbige Anstriche<\/p>\n<\/div><\/li><li style=\"background-color:rgba(255,255,255,0);\" class=\"fusion-li-item\"><span style=\"background-color:#444d7f;font-size:14.08px;height:27.2px;width:27.2px;margin-right:11.2px;\" class=\"icon-wrapper circle-yes\"><i class=\"fusion-li-icon fa-check fas\" style=\"color:#ffffff;\" aria-hidden=\"true\"><\/i><\/span><div class=\"fusion-li-item-content\" style=\"margin-left:38.4px;color:#3f3f3f;\">\n<p>Tapezierarbeiten<\/p>\n<\/div><\/li><li style=\"background-color:rgba(255,255,255,0);\" class=\"fusion-li-item\"><span style=\"background-color:#444d7f;font-size:14.08px;height:27.2px;width:27.2px;margin-right:11.2px;\" class=\"icon-wrapper circle-yes\"><i class=\"fusion-li-icon fa-check fas\" style=\"color:#ffffff;\" aria-hidden=\"true\"><\/i><\/span><div class=\"fusion-li-item-content\" style=\"margin-left:38.4px;color:#3f3f3f;\">\n<p>Lackierungen<\/p>\n<\/div><\/li><li style=\"background-color:rgba(255,255,255,0);\" class=\"fusion-li-item\"><span style=\"background-color:#444d7f;font-size:14.08px;height:27.2px;width:27.2px;margin-right:11.2px;\" class=\"icon-wrapper circle-yes\"><i class=\"fusion-li-icon fa-check fas\" style=\"color:#ffffff;\" aria-hidden=\"true\"><\/i><\/span><div class=\"fusion-li-item-content\" style=\"margin-left:38.4px;color:#3f3f3f;\">\n<p>Stuckprofile<\/p>\n<\/div><\/li><li style=\"background-color:rgba(255,255,255,0);\" class=\"fusion-li-item\"><span style=\"background-color:#444d7f;font-size:14.08px;height:27.2px;width:27.2px;margin-right:11.2px;\" class=\"icon-wrapper circle-yes\"><i class=\"fusion-li-icon fa-check fas\" style=\"color:#ffffff;\" aria-hidden=\"true\"><\/i><\/span><div class=\"fusion-li-item-content\" style=\"margin-left:38.4px;color:#3f3f3f;\">\n<p>Beseitigung von Wassersch\u00e4den<\/p>\n<\/div><\/li><\/ul><\/div><style type=\"text\/css\">.fusion-body .fusion-builder-column-1{width:100% !important;margin-top : 0px;margin-bottom : 20px;}.fusion-builder-column-1 > .fusion-column-wrapper {padding-top : 0px !important;padding-right : 0px !important;margin-right : 1.92%;padding-bottom : 0px !important;padding-left : 0px !important;margin-left : 1.92%;}@media only screen and (max-width:1024px) {.fusion-body .fusion-builder-column-1{width:100% !important;}.fusion-builder-column-1 > .fusion-column-wrapper {margin-right : 1.92%;margin-left : 1.92%;}}@media only screen and (max-width:640px) {.fusion-body .fusion-builder-column-1{width:100% !important;}.fusion-builder-column-1 > .fusion-column-wrapper {margin-right : 1.92%;margin-left : 1.92%;}}<\/style><\/div><\/div><style type=\"text\/css\">.fusion-body .fusion-flex-container.fusion-builder-row-1{ padding-top : 0px;margin-top : 0px;padding-right : 0px;padding-bottom : 0px;margin-bottom : 0px;padding-left : 0px;}<\/style><\/div>\n","protected":false},"excerpt":{"rendered":"","protected":false},"author":1,"featured_media":1014,"parent":14,"menu_order":0,"comment_status":"closed","ping_status":"closed","template":"100-width.php","meta":[],"yoast_head":"<!-- This site is optimized with the Yoast SEO plugin v18.4.1 - https:\/\/yoast.com\/wordpress\/plugins\/seo\/ -->\n<title>Malerarbeiten - BSG GmbH<\/title>\n<meta name=\"description\" content=\"Neuer Anstrich n\u00f6tig? Wir setzen Ihr Projekt sauber und fachgem\u00e4\u00df in die Tat um. Tapezierarbeiten, Anstriche, Lackierungen und vieles mehr.\" \/>\n<meta name=\"robots\" content=\"index, follow, max-snippet:-1, max-image-preview:large, max-video-preview:-1\" \/>\n<link rel=\"canonical\" href=\"https:\/\/bsg-bauensanieren.de\/index.php\/leistungen\/malerarbeiten\/\" \/>\n<meta property=\"og:locale\" content=\"de_DE\" \/>\n<meta property=\"og:type\" content=\"article\" \/>\n<meta property=\"og:title\" content=\"Malerarbeiten - BSG GmbH\" \/>\n<meta property=\"og:description\" content=\"Neuer Anstrich n\u00f6tig? Wir setzen Ihr Projekt sauber und fachgem\u00e4\u00df in die Tat um. Tapezierarbeiten, Anstriche, Lackierungen und vieles mehr.\" \/>\n<meta property=\"og:url\" content=\"https:\/\/bsg-bauensanieren.de\/index.php\/leistungen\/malerarbeiten\/\" \/>\n<meta property=\"og:site_name\" content=\"BSG GmbH\" \/>\n<meta property=\"article:modified_time\" content=\"2022-02-10T13:45:21+00:00\" \/>\n<meta property=\"og:image\" content=\"https:\/\/bsg-bauensanieren.de\/wp-content\/uploads\/2021\/11\/pinsel.jpg\" \/>\n\t<meta property=\"og:image:width\" content=\"1920\" \/>\n\t<meta property=\"og:image:height\" content=\"1080\" \/>\n\t<meta property=\"og:image:type\" content=\"image\/jpeg\" \/>\n<meta name=\"twitter:card\" content=\"summary_large_image\" \/>\n<meta name=\"twitter:label1\" content=\"Gesch\u00e4tzte Lesezeit\" \/>\n\t<meta name=\"twitter:data1\" content=\"4\u00a0Minuten\" \/>\n<script type=\"application\/ld+json\" class=\"yoast-schema-graph\">{\"@context\":\"https:\/\/schema.org\",\"@graph\":[{\"@type\":\"WebSite\",\"@id\":\"https:\/\/bsg-bauensanieren.de\/#website\",\"url\":\"https:\/\/bsg-bauensanieren.de\/\",\"name\":\"BSG GmbH\",\"description\":\"Bauen &amp; Sanieren\",\"potentialAction\":[{\"@type\":\"SearchAction\",\"target\":{\"@type\":\"EntryPoint\",\"urlTemplate\":\"https:\/\/bsg-bauensanieren.de\/?s={search_term_string}\"},\"query-input\":\"required name=search_term_string\"}],\"inLanguage\":\"de\"},{\"@type\":\"ImageObject\",\"@id\":\"https:\/\/bsg-bauensanieren.de\/index.php\/leistungen\/malerarbeiten\/#primaryimage\",\"inLanguage\":\"de\",\"url\":\"https:\/\/bsg-bauensanieren.de\/wp-content\/uploads\/2021\/11\/pinsel.jpg\",\"contentUrl\":\"https:\/\/bsg-bauensanieren.de\/wp-content\/uploads\/2021\/11\/pinsel.jpg\",\"width\":1920,\"height\":1080},{\"@type\":\"WebPage\",\"@id\":\"https:\/\/bsg-bauensanieren.de\/index.php\/leistungen\/malerarbeiten\/#webpage\",\"url\":\"https:\/\/bsg-bauensanieren.de\/index.php\/leistungen\/malerarbeiten\/\",\"name\":\"Malerarbeiten - BSG GmbH\",\"isPartOf\":{\"@id\":\"https:\/\/bsg-bauensanieren.de\/#website\"},\"primaryImageOfPage\":{\"@id\":\"https:\/\/bsg-bauensanieren.de\/index.php\/leistungen\/malerarbeiten\/#primaryimage\"},\"datePublished\":\"2020-03-11T09:01:14+00:00\",\"dateModified\":\"2022-02-10T13:45:21+00:00\",\"description\":\"Neuer Anstrich n\u00f6tig? Wir setzen Ihr Projekt sauber und fachgem\u00e4\u00df in die Tat um. Tapezierarbeiten, Anstriche, Lackierungen und vieles mehr.\",\"breadcrumb\":{\"@id\":\"https:\/\/bsg-bauensanieren.de\/index.php\/leistungen\/malerarbeiten\/#breadcrumb\"},\"inLanguage\":\"de\",\"potentialAction\":[{\"@type\":\"ReadAction\",\"target\":[\"https:\/\/bsg-bauensanieren.de\/index.php\/leistungen\/malerarbeiten\/\"]}]},{\"@type\":\"BreadcrumbList\",\"@id\":\"https:\/\/bsg-bauensanieren.de\/index.php\/leistungen\/malerarbeiten\/#breadcrumb\",\"itemListElement\":[{\"@type\":\"ListItem\",\"position\":1,\"name\":\"Startseite\",\"item\":\"https:\/\/bsg-bauensanieren.de\/\"},{\"@type\":\"ListItem\",\"position\":2,\"name\":\"Leistungen\",\"item\":\"https:\/\/bsg-bauensanieren.de\/index.php\/leistungen\/\"},{\"@type\":\"ListItem\",\"position\":3,\"name\":\"Malerarbeiten\"}]}]}<\/script>\n<!-- \/ Yoast SEO plugin. -->","yoast_head_json":{"title":"Malerarbeiten - BSG GmbH","description":"Neuer Anstrich n\u00f6tig? Wir setzen Ihr Projekt sauber und fachgem\u00e4\u00df in die Tat um. Tapezierarbeiten, Anstriche, Lackierungen und vieles mehr.","robots":{"index":"index","follow":"follow","max-snippet":"max-snippet:-1","max-image-preview":"max-image-preview:large","max-video-preview":"max-video-preview:-1"},"canonical":"https:\/\/bsg-bauensanieren.de\/index.php\/leistungen\/malerarbeiten\/","og_locale":"de_DE","og_type":"article","og_title":"Malerarbeiten - BSG GmbH","og_description":"Neuer Anstrich n\u00f6tig? Wir setzen Ihr Projekt sauber und fachgem\u00e4\u00df in die Tat um. Tapezierarbeiten, Anstriche, Lackierungen und vieles mehr.","og_url":"https:\/\/bsg-bauensanieren.de\/index.php\/leistungen\/malerarbeiten\/","og_site_name":"BSG GmbH","article_modified_time":"2022-02-10T13:45:21+00:00","og_image":[{"width":1920,"height":1080,"url":"https:\/\/bsg-bauensanieren.de\/wp-content\/uploads\/2021\/11\/pinsel.jpg","type":"image\/jpeg"}],"twitter_card":"summary_large_image","twitter_misc":{"Gesch\u00e4tzte Lesezeit":"4\u00a0Minuten"},"schema":{"@context":"https:\/\/schema.org","@graph":[{"@type":"WebSite","@id":"https:\/\/bsg-bauensanieren.de\/#website","url":"https:\/\/bsg-bauensanieren.de\/","name":"BSG GmbH","description":"Bauen &amp; Sanieren","potentialAction":[{"@type":"SearchAction","target":{"@type":"EntryPoint","urlTemplate":"https:\/\/bsg-bauensanieren.de\/?s={search_term_string}"},"query-input":"required name=search_term_string"}],"inLanguage":"de"},{"@type":"ImageObject","@id":"https:\/\/bsg-bauensanieren.de\/index.php\/leistungen\/malerarbeiten\/#primaryimage","inLanguage":"de","url":"https:\/\/bsg-bauensanieren.de\/wp-content\/uploads\/2021\/11\/pinsel.jpg","contentUrl":"https:\/\/bsg-bauensanieren.de\/wp-content\/uploads\/2021\/11\/pinsel.jpg","width":1920,"height":1080},{"@type":"WebPage","@id":"https:\/\/bsg-bauensanieren.de\/index.php\/leistungen\/malerarbeiten\/#webpage","url":"https:\/\/bsg-bauensanieren.de\/index.php\/leistungen\/malerarbeiten\/","name":"Malerarbeiten - BSG GmbH","isPartOf":{"@id":"https:\/\/bsg-bauensanieren.de\/#website"},"primaryImageOfPage":{"@id":"https:\/\/bsg-bauensanieren.de\/index.php\/leistungen\/malerarbeiten\/#primaryimage"},"datePublished":"2020-03-11T09:01:14+00:00","dateModified":"2022-02-10T13:45:21+00:00","description":"Neuer Anstrich n\u00f6tig? Wir setzen Ihr Projekt sauber und fachgem\u00e4\u00df in die Tat um. Tapezierarbeiten, Anstriche, Lackierungen und vieles mehr.","breadcrumb":{"@id":"https:\/\/bsg-bauensanieren.de\/index.php\/leistungen\/malerarbeiten\/#breadcrumb"},"inLanguage":"de","potentialAction":[{"@type":"ReadAction","target":["https:\/\/bsg-bauensanieren.de\/index.php\/leistungen\/malerarbeiten\/"]}]},{"@type":"BreadcrumbList","@id":"https:\/\/bsg-bauensanieren.de\/index.php\/leistungen\/malerarbeiten\/#breadcrumb","itemListElement":[{"@type":"ListItem","position":1,"name":"Startseite","item":"https:\/\/bsg-bauensanieren.de\/"},{"@type":"ListItem","position":2,"name":"Leistungen","item":"https:\/\/bsg-bauensanieren.de\/index.php\/leistungen\/"},{"@type":"ListItem","position":3,"name":"Malerarbeiten"}]}]}},"_links":{"self":[{"href":"https:\/\/bsg-bauensanieren.de\/index.php\/wp-json\/wp\/v2\/pages\/24"}],"collection":[{"href":"https:\/\/bsg-bauensanieren.de\/index.php\/wp-json\/wp\/v2\/pages"}],"about":[{"href":"https:\/\/bsg-bauensanieren.de\/index.php\/wp-json\/wp\/v2\/types\/page"}],"author":[{"embeddable":true,"href":"https:\/\/bsg-bauensanieren.de\/index.php\/wp-json\/wp\/v2\/users\/1"}],"replies":[{"embeddable":true,"href":"https:\/\/bsg-bauensanieren.de\/index.php\/wp-json\/wp\/v2\/comments?post=24"}],"version-history":[{"count":6,"href":"https:\/\/bsg-bauensanieren.de\/index.php\/wp-json\/wp\/v2\/pages\/24\/revisions"}],"predecessor-version":[{"id":1189,"href":"https:\/\/bsg-bauensanieren.de\/index.php\/wp-json\/wp\/v2\/pages\/24\/revisions\/1189"}],"up":[{"embeddable":true,"href":"https:\/\/bsg-bauensanieren.de\/index.php\/wp-json\/wp\/v2\/pages\/14"}],"wp:featuredmedia":[{"embeddable":true,"href":"https:\/\/bsg-bauensanieren.de\/index.php\/wp-json\/wp\/v2\/media\/1014"}],"wp:attachment":[{"href":"https:\/\/bsg-bauensanieren.de\/index.php\/wp-json\/wp\/v2\/media?parent=24"}],"curies":[{"name":"wp","href":"https:\/\/api.w.org\/{rel}","templated":true}]}}