{"id":28,"date":"2020-03-11T09:05:43","date_gmt":"2020-03-11T09:05:43","guid":{"rendered":"https:\/\/bsg-bauensanieren.de\/?page_id=28"},"modified":"2022-02-10T13:38:12","modified_gmt":"2022-02-10T13:38:12","slug":"fliesenarbeiten","status":"publish","type":"page","link":"https:\/\/bsg-bauensanieren.de\/index.php\/leistungen\/fliesenarbeiten\/","title":{"rendered":"Fliesenarbeiten"},"content":{"rendered":"<div class=\"fusion-fullwidth fullwidth-box fusion-builder-row-1 fusion-flex-container nonhundred-percent-fullwidth non-hundred-percent-height-scrolling\" style=\"background-color: rgba(255,255,255,0);background-position: center center;background-repeat: no-repeat;border-width: 0px 0px 0px 0px;border-color:#e2e2e2;border-style:solid;\" ><div class=\"fusion-builder-row fusion-row fusion-flex-align-items-flex-start\" style=\"max-width:1185.6px;margin-left: calc(-4% \/ 2 );margin-right: calc(-4% \/ 2 );\"><div class=\"fusion-layout-column fusion_builder_column fusion-builder-column-0 fusion_builder_column_1_1 1_1 fusion-flex-column fusion-animated\" data-animationType=\"fadeInUp\" data-animationDuration=\"1.0\" data-animationOffset=\"top-into-view\"><div class=\"fusion-column-wrapper lazyload fusion-flex-justify-content-center fusion-content-layout-column\" style=\"background-position:left center;background-repeat:no-repeat;-webkit-background-size:cover;-moz-background-size:cover;-o-background-size:cover;background-size:cover;border-radius:8px 8px 8px 8px;border-radius:8px 8px 8px 8px;overflow:hidden;padding: 40px 40px 40px 40px;\" data-bg-url=\"https:\/\/bsg-bauensanieren.de\/wp-content\/uploads\/2020\/03\/24-hour-callout-background.jpg\" data-bg=\"https:\/\/bsg-bauensanieren.de\/wp-content\/uploads\/2020\/03\/24-hour-callout-background.jpg\"><div class=\"fusion-builder-row fusion-builder-row-inner fusion-row fusion-flex-align-items-flex-start\" style=\"width:104% !important;max-width:104% !important;margin-left: calc(-4% \/ 2 );margin-right: calc(-4% \/ 2 );\"><div class=\"fusion-layout-column fusion_builder_column_inner fusion-builder-nested-column-0 fusion_builder_column_inner_1_2 1_2 fusion-flex-column fusion-no-small-visibility fusion-no-medium-visibility\"><div class=\"fusion-column-wrapper fusion-flex-justify-content-center fusion-content-layout-column\" style=\"background-position:left top;background-repeat:no-repeat;-webkit-background-size:cover;-moz-background-size:cover;-o-background-size:cover;background-size:cover;padding: 0px 0px 0px 0px;\"><style type=\"text\/css\">@media only screen and (max-width:1024px) {.fusion-title.fusion-title-1{margin-top:0px!important; margin-right:0px!important;margin-bottom:0px!important;margin-left:0px!important;}}@media only screen and (max-width:640px) {.fusion-title.fusion-title-1{margin-top:0px!important; margin-right:0px!important;margin-bottom:0px!important; margin-left:0px!important;}}<\/style><div class=\"fusion-title title fusion-title-1 fusion-sep-none fusion-title-text fusion-title-size-two\" style=\"font-size:34px;margin-top:0px;margin-right:0px;margin-bottom:0px;margin-left:0px;\"><h2 class=\"title-heading-left fusion-responsive-typography-calculated\" style=\"font-family:&quot;Poppins&quot;;font-weight:700;margin:0;font-size:1em;color:#ffffff;--fontSize:34;line-height:1.2;\">Fragen? Wir beraten Sie gerne.<\/h2><\/div><\/div><style type=\"text\/css\">.fusion-body .fusion-builder-nested-column-0{width:50% !important;margin-top : 0px;margin-bottom : 0px;}.fusion-builder-nested-column-0 > .fusion-column-wrapper {padding-top : 0px !important;padding-right : 0px !important;margin-right : 3.84%;padding-bottom : 0px !important;padding-left : 0px !important;margin-left : 3.84%;}@media only screen and (max-width:1024px) {.fusion-body .fusion-builder-nested-column-0{width:100% !important;}.fusion-builder-nested-column-0 > .fusion-column-wrapper {margin-right : 1.92%;margin-left : 1.92%;}}@media only screen and (max-width:640px) {.fusion-body .fusion-builder-nested-column-0{width:100% !important;}.fusion-builder-nested-column-0 > .fusion-column-wrapper {margin-right : 1.92%;margin-left : 1.92%;}}<\/style><\/div><div class=\"fusion-layout-column fusion_builder_column_inner fusion-builder-nested-column-1 fusion_builder_column_inner_1_2 1_2 fusion-flex-column fusion-no-small-visibility fusion-no-medium-visibility\"><div class=\"fusion-column-wrapper fusion-flex-justify-content-center fusion-content-layout-column\" style=\"background-position:left top;background-repeat:no-repeat;-webkit-background-size:cover;-moz-background-size:cover;-o-background-size:cover;background-size:cover;padding: 0px 0px 0px 0px;\"><div style=\"text-align:right;\"><style>.fusion-button.button-1 .fusion-button-text,.fusion-button.button-1 i{color:#3d66ae;}.fusion-button.button-1{border-color:#ffffff;border-radius:0 0 0 0;background:#ffffff;}.fusion-button.button-1:hover .fusion-button-text,.fusion-button.button-1:hover i,.fusion-button.button-1:focus .fusion-button-text,.fusion-button.button-1:focus i,.fusion-button.button-1:active .fusion-button-text,.fusion-button.button-1:active i{color:#ffffff;}.fusion-button.button-1:hover,.fusion-button.button-1:active,.fusion-button.button-1:focus{border-color:#ffffff;background:#3d66ae;}<\/style><a class=\"fusion-button button-flat fusion-button-default-size button-custom button-1 fusion-button-default-span fusion-button-default-type\" target=\"_self\" title=\"Wir sind f\u00fcr Sie da.\" href=\"tel:022517021760\"><span class=\"fusion-button-text\">Jetzt beraten lassen<\/span><\/a><\/div><\/div><style type=\"text\/css\">.fusion-body .fusion-builder-nested-column-1{width:50% !important;margin-top : 0px;margin-bottom : 0px;}.fusion-builder-nested-column-1 > .fusion-column-wrapper {padding-top : 0px !important;padding-right : 0px !important;margin-right : 3.84%;padding-bottom : 0px !important;padding-left : 0px !important;margin-left : 3.84%;}@media only screen and (max-width:1024px) {.fusion-body .fusion-builder-nested-column-1{width:100% !important;}.fusion-builder-nested-column-1 > .fusion-column-wrapper {margin-right : 1.92%;margin-left : 1.92%;}}@media only screen and (max-width:640px) {.fusion-body .fusion-builder-nested-column-1{width:100% !important;}.fusion-builder-nested-column-1 > .fusion-column-wrapper {margin-right : 1.92%;margin-left : 1.92%;}}<\/style><\/div><\/div><div class=\"fusion-builder-row fusion-builder-row-inner fusion-row fusion-flex-align-items-flex-start\" style=\"width:104% !important;max-width:104% !important;margin-left: calc(-4% \/ 2 );margin-right: calc(-4% \/ 2 );\"><div class=\"fusion-layout-column fusion_builder_column_inner fusion-builder-nested-column-2 fusion_builder_column_inner_1_2 1_2 fusion-flex-column fusion-no-large-visibility\"><div class=\"fusion-column-wrapper fusion-flex-justify-content-center fusion-content-layout-column\" style=\"background-position:left top;background-repeat:no-repeat;-webkit-background-size:cover;-moz-background-size:cover;-o-background-size:cover;background-size:cover;padding: 0px 0px 0px 0px;\"><style type=\"text\/css\">@media only screen and (max-width:1024px) {.fusion-title.fusion-title-2{margin-top:0px!important; margin-right:0px!important;margin-bottom:0px!important;margin-left:0px!important;}}@media only screen and (max-width:640px) {.fusion-title.fusion-title-2{margin-top:0px!important; margin-right:0px!important;margin-bottom:30px!important; margin-left:0px!important;}}<\/style><div class=\"fusion-title title fusion-title-2 fusion-sep-none fusion-title-center fusion-title-text fusion-title-size-two\" style=\"font-size:34px;margin-top:0px;margin-right:0px;margin-bottom:0px;margin-left:0px;\"><h2 class=\"title-heading-center fusion-responsive-typography-calculated\" style=\"font-family:&quot;Poppins&quot;;font-weight:700;margin:0;font-size:1em;color:#ffffff;--fontSize:34;line-height:1.2;\">Wir stehen beratend zur Seite.<\/h2><\/div><\/div><style type=\"text\/css\">.fusion-body .fusion-builder-nested-column-2{width:50% !important;margin-top : 0px;margin-bottom : 0px;}.fusion-builder-nested-column-2 > .fusion-column-wrapper {padding-top : 0px !important;padding-right : 0px !important;margin-right : 3.84%;padding-bottom : 0px !important;padding-left : 0px !important;margin-left : 3.84%;}@media only screen and (max-width:1024px) {.fusion-body .fusion-builder-nested-column-2{width:100% !important;}.fusion-builder-nested-column-2 > .fusion-column-wrapper {margin-right : 1.92%;margin-left : 1.92%;}}@media only screen and (max-width:640px) {.fusion-body .fusion-builder-nested-column-2{width:100% !important;}.fusion-builder-nested-column-2 > .fusion-column-wrapper {margin-right : 1.92%;margin-left : 1.92%;}}<\/style><\/div><div class=\"fusion-layout-column fusion_builder_column_inner fusion-builder-nested-column-3 fusion_builder_column_inner_1_2 1_2 fusion-flex-column fusion-no-large-visibility\"><div class=\"fusion-column-wrapper fusion-flex-justify-content-center fusion-content-layout-column\" style=\"background-position:left top;background-repeat:no-repeat;-webkit-background-size:cover;-moz-background-size:cover;-o-background-size:cover;background-size:cover;padding: 0px 0px 0px 0px;\"><div style=\"text-align:center;\"><style>.fusion-button.button-2 .fusion-button-text,.fusion-button.button-2 i{color:#3d66ae;}.fusion-button.button-2{border-color:#ffffff;border-radius:0 0 0 0;background:#ffffff;}.fusion-button.button-2:hover .fusion-button-text,.fusion-button.button-2:hover i,.fusion-button.button-2:focus .fusion-button-text,.fusion-button.button-2:focus i,.fusion-button.button-2:active .fusion-button-text,.fusion-button.button-2:active i{color:#ffffff;}.fusion-button.button-2:hover,.fusion-button.button-2:active,.fusion-button.button-2:focus{border-color:#ffffff;background:#3d66ae;}<\/style><a class=\"fusion-button button-flat fusion-button-default-size button-custom button-2 fusion-button-default-span fusion-button-default-type\" target=\"_self\" title=\"Fragen? Z\u00f6gern Sie nicht.\" href=\"tel:022517021760\"><span class=\"fusion-button-text\">Jetzt beraten lassen<\/span><\/a><\/div><\/div><style type=\"text\/css\">.fusion-body .fusion-builder-nested-column-3{width:50% !important;margin-top : 0px;margin-bottom : 0px;}.fusion-builder-nested-column-3 > .fusion-column-wrapper {padding-top : 0px !important;padding-right : 0px !important;margin-right : 3.84%;padding-bottom : 0px !important;padding-left : 0px !important;margin-left : 3.84%;}@media only screen and (max-width:1024px) {.fusion-body .fusion-builder-nested-column-3{width:100% !important;}.fusion-builder-nested-column-3 > .fusion-column-wrapper {margin-right : 1.92%;margin-left : 1.92%;}}@media only screen and (max-width:640px) {.fusion-body .fusion-builder-nested-column-3{width:100% !important;}.fusion-builder-nested-column-3 > .fusion-column-wrapper {margin-right : 1.92%;margin-left : 1.92%;}}<\/style><\/div><\/div><\/div><style type=\"text\/css\">.fusion-body .fusion-builder-column-0{width:100% !important;margin-top : 0px;margin-bottom : 30px;}.fusion-builder-column-0 > .fusion-column-wrapper {padding-top : 40px !important;padding-right : 40px !important;margin-right : 1.92%;padding-bottom : 40px !important;padding-left : 40px !important;margin-left : 1.92%;}@media only screen and (max-width:1024px) {.fusion-body .fusion-builder-column-0{width:100% !important;}.fusion-builder-column-0 > .fusion-column-wrapper {margin-right : 1.92%;margin-left : 1.92%;}}@media only screen and (max-width:640px) {.fusion-body .fusion-builder-column-0{width:100% !important;}.fusion-builder-column-0 > .fusion-column-wrapper {margin-right : 1.92%;margin-left : 1.92%;}}<\/style><\/div><div class=\"fusion-layout-column fusion_builder_column fusion-builder-column-1 fusion_builder_column_1_1 1_1 fusion-flex-column fusion-animated\" data-animationType=\"fadeInUp\" data-animationDuration=\"1.0\" data-animationOffset=\"top-into-view\"><div class=\"fusion-column-wrapper fusion-flex-justify-content-flex-start fusion-content-layout-column\" style=\"background-position:left top;background-repeat:no-repeat;-webkit-background-size:cover;-moz-background-size:cover;-o-background-size:cover;background-size:cover;padding: 0px 0px 0px 0px;\"><div ><span class=\" fusion-imageframe imageframe-none imageframe-1 hover-type-none\" style=\"border-radius:8px;\"><img width=\"716\" height=\"535\" alt=\"work-wetroom-snap-3\" title=\"Wetroom Flawless Flooring\" src=\"data:image\/svg+xml,%3Csvg%20xmlns%3D%27http%3A%2F%2Fwww.w3.org%2F2000%2Fsvg%27%20width%3D%27716%27%20height%3D%27535%27%20viewBox%3D%270%200%20716%20535%27%3E%3Crect%20width%3D%27716%27%20height%3D%27535%27%20fill-opacity%3D%220%22%2F%3E%3C%2Fsvg%3E\" data-orig-src=\"https:\/\/bsg-bauensanieren.de\/wp-content\/uploads\/2020\/03\/work-wetroom-snap-3.jpg\" class=\"lazyload img-responsive wp-image-503\"\/><\/span><\/div><style type=\"text\/css\">@media only screen and (max-width:1024px) {.fusion-title.fusion-title-3{margin-top:40px!important; margin-right:0px!important;margin-bottom:30px!important;margin-left:0px!important;}}@media only screen and (max-width:640px) {.fusion-title.fusion-title-3{margin-top:40px!important; margin-right:0px!important;margin-bottom:30px!important; margin-left:0px!important;}}<\/style><div class=\"fusion-title title fusion-title-3 fusion-sep-none fusion-title-text fusion-title-size-two\" style=\"margin-top:40px;margin-right:0px;margin-bottom:30px;margin-left:0px;\"><h2 class=\"title-heading-left fusion-responsive-typography-calculated\" style=\"font-family:&quot;Poppins&quot;;font-weight:700;margin:0;--fontSize:27.2;line-height:1.13;\">Fliesenarbeiten<\/h2><\/div><div class=\"fusion-text fusion-text-1\"><p>Sei es an den W\u00e4nden oder den B\u00f6den: Fliesen verstr\u00f6men eine k\u00fchle, klare und vor allem zeitlose Eleganz. Sie geben dem Raum eine neue Dimension.<\/p>\n<p>Die richtige Wahl Ihrer Fliesen ist von gro\u00dfer Bedeutung, da nicht jede Fliese f\u00fcr jeden Untergrund gemacht ist. Bei der Planung und Umsetzung eines solchen Projektes ist Konzentration, Erfahrung und Expertise gefragt. Damit das Verlegen der Fliesen reibungslos abl\u00e4uft stehen wir Ihnen von Konzeption bis zur fertigen Umsetzung mit Rat und Tat zur Seite. Wir streben zu jederzeit ein 100%iges Ergebnis an. Die BSG GmbH unterst\u00fctzt Sie bei allen Leistungen, egal ob es sich nur um eine Reparatur oder gleich eine Neuverlegung handelt, ob es im Innen- oder Au\u00dfenbereich sein soll \u2013 der BSG Komplettservice steht Ihnen zur Verf\u00fcgung.<\/p>\n<p>Wir arbeiten mit Boden- und Wandfliesen, mit Keramik-, Naturstein- und Mosaiksteinfliesen. Um die B\u00f6den und Fliesenspiegel entsprechend vorzubereiten, wird der Untergrund sorgf\u00e4ltig vorbehandelt: wir dichten Feuchtigkeit ab, verputzen W\u00e4nde und B\u00f6den und schlie\u00dfen Risse. Unser geschultes Team gew\u00e4hrleistet eine saubere Vorarbeit und einen weiteren reibungslosen Arbeitsablauf mit einem Endergebnis, welches h\u00f6chsten Anspr\u00fcchen gerecht wird.<\/p>\n<\/div><ul class=\"fusion-checklist fusion-checklist-1\" style=\"font-size:16px;line-height:27.2px;\"><li style=\"background-color:rgba(255,255,255,0);\" class=\"fusion-li-item\"><span style=\"background-color:#4f5a93;font-size:14.08px;height:27.2px;width:27.2px;margin-right:11.2px;\" class=\"icon-wrapper circle-yes\"><i class=\"fusion-li-icon fa-check fas\" style=\"color:#ffffff;\" aria-hidden=\"true\"><\/i><\/span><div class=\"fusion-li-item-content\" style=\"margin-left:38.4px;color:#3f3f3f;\">\n<p>Fliesenarbeiten im Innenbereich<\/p>\n<\/div><\/li><li style=\"background-color:rgba(255,255,255,0);\" class=\"fusion-li-item\"><span style=\"background-color:#4f5a93;font-size:14.08px;height:27.2px;width:27.2px;margin-right:11.2px;\" class=\"icon-wrapper circle-yes\"><i class=\"fusion-li-icon fa-check fas\" style=\"color:#ffffff;\" aria-hidden=\"true\"><\/i><\/span><div class=\"fusion-li-item-content\" style=\"margin-left:38.4px;color:#3f3f3f;\">\n<p>Fliesenarbeiten im Au\u00dfenbereich<\/p>\n<\/div><\/li><li style=\"background-color:rgba(255,255,255,0);\" class=\"fusion-li-item\"><span style=\"background-color:#4f5a93;font-size:14.08px;height:27.2px;width:27.2px;margin-right:11.2px;\" class=\"icon-wrapper circle-yes\"><i class=\"fusion-li-icon fa-check fas\" style=\"color:#ffffff;\" aria-hidden=\"true\"><\/i><\/span><div class=\"fusion-li-item-content\" style=\"margin-left:38.4px;color:#3f3f3f;\">\n<p>Fliesenreparatur<\/p>\n<\/div><\/li><li style=\"background-color:rgba(255,255,255,0);\" class=\"fusion-li-item\"><span style=\"background-color:#4f5a93;font-size:14.08px;height:27.2px;width:27.2px;margin-right:11.2px;\" class=\"icon-wrapper circle-yes\"><i class=\"fusion-li-icon fa-check fas\" style=\"color:#ffffff;\" aria-hidden=\"true\"><\/i><\/span><div class=\"fusion-li-item-content\" style=\"margin-left:38.4px;color:#3f3f3f;\">\n<p>Fliesenspiegel<\/p>\n<\/div><\/li><\/ul><\/div><style type=\"text\/css\">.fusion-body .fusion-builder-column-1{width:100% !important;margin-top : 0px;margin-bottom : 20px;}.fusion-builder-column-1 > .fusion-column-wrapper {padding-top : 0px !important;padding-right : 0px !important;margin-right : 1.92%;padding-bottom : 0px !important;padding-left : 0px !important;margin-left : 1.92%;}@media only screen and (max-width:1024px) {.fusion-body .fusion-builder-column-1{width:100% !important;}.fusion-builder-column-1 > .fusion-column-wrapper {margin-right : 1.92%;margin-left : 1.92%;}}@media only screen and (max-width:640px) {.fusion-body .fusion-builder-column-1{width:100% !important;}.fusion-builder-column-1 > .fusion-column-wrapper {margin-right : 1.92%;margin-left : 1.92%;}}<\/style><\/div><\/div><style type=\"text\/css\">.fusion-body .fusion-flex-container.fusion-builder-row-1{ padding-top : 0px;margin-top : 0px;padding-right : 0px;padding-bottom : 0px;margin-bottom : 0px;padding-left : 0px;}<\/style><\/div>\n","protected":false},"excerpt":{"rendered":"","protected":false},"author":1,"featured_media":1087,"parent":14,"menu_order":0,"comment_status":"closed","ping_status":"closed","template":"100-width.php","meta":[],"yoast_head":"<!-- This site is optimized with the Yoast SEO plugin v18.4.1 - https:\/\/yoast.com\/wordpress\/plugins\/seo\/ -->\n<title>Fliesenarbeiten - Zeitlose Eleganz f\u00fcr Ihr Zuhause &amp; B\u00fcro<\/title>\n<meta name=\"description\" content=\"Wir sind Ihr kompetenter Partner f\u00fcr Fliesenarbeiten aller Art. Von Bodenfliesen bis Fliesenspiegel - wir setzen Ihre W\u00fcnsche in die Tat um.\" \/>\n<meta name=\"robots\" content=\"index, follow, max-snippet:-1, max-image-preview:large, max-video-preview:-1\" \/>\n<link rel=\"canonical\" href=\"https:\/\/bsg-bauensanieren.de\/index.php\/leistungen\/fliesenarbeiten\/\" \/>\n<meta property=\"og:locale\" content=\"de_DE\" \/>\n<meta property=\"og:type\" content=\"article\" \/>\n<meta property=\"og:title\" content=\"Fliesenarbeiten - Zeitlose Eleganz f\u00fcr Ihr Zuhause &amp; B\u00fcro\" \/>\n<meta property=\"og:description\" content=\"Wir sind Ihr kompetenter Partner f\u00fcr Fliesenarbeiten aller Art. Von Bodenfliesen bis Fliesenspiegel - wir setzen Ihre W\u00fcnsche in die Tat um.\" \/>\n<meta property=\"og:url\" content=\"https:\/\/bsg-bauensanieren.de\/index.php\/leistungen\/fliesenarbeiten\/\" \/>\n<meta property=\"og:site_name\" content=\"BSG GmbH\" \/>\n<meta property=\"article:modified_time\" content=\"2022-02-10T13:38:12+00:00\" \/>\n<meta property=\"og:image\" content=\"https:\/\/bsg-bauensanieren.de\/wp-content\/uploads\/2021\/11\/fliesenarbeiten.jpg\" \/>\n\t<meta property=\"og:image:width\" content=\"1920\" \/>\n\t<meta property=\"og:image:height\" content=\"1080\" \/>\n\t<meta property=\"og:image:type\" content=\"image\/jpeg\" \/>\n<meta name=\"twitter:card\" content=\"summary_large_image\" \/>\n<meta name=\"twitter:label1\" content=\"Gesch\u00e4tzte Lesezeit\" \/>\n\t<meta name=\"twitter:data1\" content=\"5\u00a0Minuten\" \/>\n<script type=\"application\/ld+json\" class=\"yoast-schema-graph\">{\"@context\":\"https:\/\/schema.org\",\"@graph\":[{\"@type\":\"WebSite\",\"@id\":\"https:\/\/bsg-bauensanieren.de\/#website\",\"url\":\"https:\/\/bsg-bauensanieren.de\/\",\"name\":\"BSG GmbH\",\"description\":\"Bauen &amp; Sanieren\",\"potentialAction\":[{\"@type\":\"SearchAction\",\"target\":{\"@type\":\"EntryPoint\",\"urlTemplate\":\"https:\/\/bsg-bauensanieren.de\/?s={search_term_string}\"},\"query-input\":\"required name=search_term_string\"}],\"inLanguage\":\"de\"},{\"@type\":\"ImageObject\",\"@id\":\"https:\/\/bsg-bauensanieren.de\/index.php\/leistungen\/fliesenarbeiten\/#primaryimage\",\"inLanguage\":\"de\",\"url\":\"https:\/\/bsg-bauensanieren.de\/wp-content\/uploads\/2021\/11\/fliesenarbeiten.jpg\",\"contentUrl\":\"https:\/\/bsg-bauensanieren.de\/wp-content\/uploads\/2021\/11\/fliesenarbeiten.jpg\",\"width\":1920,\"height\":1080},{\"@type\":\"WebPage\",\"@id\":\"https:\/\/bsg-bauensanieren.de\/index.php\/leistungen\/fliesenarbeiten\/#webpage\",\"url\":\"https:\/\/bsg-bauensanieren.de\/index.php\/leistungen\/fliesenarbeiten\/\",\"name\":\"Fliesenarbeiten - Zeitlose Eleganz f\u00fcr Ihr Zuhause & B\u00fcro\",\"isPartOf\":{\"@id\":\"https:\/\/bsg-bauensanieren.de\/#website\"},\"primaryImageOfPage\":{\"@id\":\"https:\/\/bsg-bauensanieren.de\/index.php\/leistungen\/fliesenarbeiten\/#primaryimage\"},\"datePublished\":\"2020-03-11T09:05:43+00:00\",\"dateModified\":\"2022-02-10T13:38:12+00:00\",\"description\":\"Wir sind Ihr kompetenter Partner f\u00fcr Fliesenarbeiten aller Art. Von Bodenfliesen bis Fliesenspiegel - wir setzen Ihre W\u00fcnsche in die Tat um.\",\"breadcrumb\":{\"@id\":\"https:\/\/bsg-bauensanieren.de\/index.php\/leistungen\/fliesenarbeiten\/#breadcrumb\"},\"inLanguage\":\"de\",\"potentialAction\":[{\"@type\":\"ReadAction\",\"target\":[\"https:\/\/bsg-bauensanieren.de\/index.php\/leistungen\/fliesenarbeiten\/\"]}]},{\"@type\":\"BreadcrumbList\",\"@id\":\"https:\/\/bsg-bauensanieren.de\/index.php\/leistungen\/fliesenarbeiten\/#breadcrumb\",\"itemListElement\":[{\"@type\":\"ListItem\",\"position\":1,\"name\":\"Startseite\",\"item\":\"https:\/\/bsg-bauensanieren.de\/\"},{\"@type\":\"ListItem\",\"position\":2,\"name\":\"Leistungen\",\"item\":\"https:\/\/bsg-bauensanieren.de\/index.php\/leistungen\/\"},{\"@type\":\"ListItem\",\"position\":3,\"name\":\"Fliesenarbeiten\"}]}]}<\/script>\n<!-- \/ Yoast SEO plugin. -->","yoast_head_json":{"title":"Fliesenarbeiten - Zeitlose Eleganz f\u00fcr Ihr Zuhause & B\u00fcro","description":"Wir sind Ihr kompetenter Partner f\u00fcr Fliesenarbeiten aller Art. Von Bodenfliesen bis Fliesenspiegel - wir setzen Ihre W\u00fcnsche in die Tat um.","robots":{"index":"index","follow":"follow","max-snippet":"max-snippet:-1","max-image-preview":"max-image-preview:large","max-video-preview":"max-video-preview:-1"},"canonical":"https:\/\/bsg-bauensanieren.de\/index.php\/leistungen\/fliesenarbeiten\/","og_locale":"de_DE","og_type":"article","og_title":"Fliesenarbeiten - Zeitlose Eleganz f\u00fcr Ihr Zuhause & B\u00fcro","og_description":"Wir sind Ihr kompetenter Partner f\u00fcr Fliesenarbeiten aller Art. Von Bodenfliesen bis Fliesenspiegel - wir setzen Ihre W\u00fcnsche in die Tat um.","og_url":"https:\/\/bsg-bauensanieren.de\/index.php\/leistungen\/fliesenarbeiten\/","og_site_name":"BSG GmbH","article_modified_time":"2022-02-10T13:38:12+00:00","og_image":[{"width":1920,"height":1080,"url":"https:\/\/bsg-bauensanieren.de\/wp-content\/uploads\/2021\/11\/fliesenarbeiten.jpg","type":"image\/jpeg"}],"twitter_card":"summary_large_image","twitter_misc":{"Gesch\u00e4tzte Lesezeit":"5\u00a0Minuten"},"schema":{"@context":"https:\/\/schema.org","@graph":[{"@type":"WebSite","@id":"https:\/\/bsg-bauensanieren.de\/#website","url":"https:\/\/bsg-bauensanieren.de\/","name":"BSG GmbH","description":"Bauen &amp; Sanieren","potentialAction":[{"@type":"SearchAction","target":{"@type":"EntryPoint","urlTemplate":"https:\/\/bsg-bauensanieren.de\/?s={search_term_string}"},"query-input":"required name=search_term_string"}],"inLanguage":"de"},{"@type":"ImageObject","@id":"https:\/\/bsg-bauensanieren.de\/index.php\/leistungen\/fliesenarbeiten\/#primaryimage","inLanguage":"de","url":"https:\/\/bsg-bauensanieren.de\/wp-content\/uploads\/2021\/11\/fliesenarbeiten.jpg","contentUrl":"https:\/\/bsg-bauensanieren.de\/wp-content\/uploads\/2021\/11\/fliesenarbeiten.jpg","width":1920,"height":1080},{"@type":"WebPage","@id":"https:\/\/bsg-bauensanieren.de\/index.php\/leistungen\/fliesenarbeiten\/#webpage","url":"https:\/\/bsg-bauensanieren.de\/index.php\/leistungen\/fliesenarbeiten\/","name":"Fliesenarbeiten - Zeitlose Eleganz f\u00fcr Ihr Zuhause & B\u00fcro","isPartOf":{"@id":"https:\/\/bsg-bauensanieren.de\/#website"},"primaryImageOfPage":{"@id":"https:\/\/bsg-bauensanieren.de\/index.php\/leistungen\/fliesenarbeiten\/#primaryimage"},"datePublished":"2020-03-11T09:05:43+00:00","dateModified":"2022-02-10T13:38:12+00:00","description":"Wir sind Ihr kompetenter Partner f\u00fcr Fliesenarbeiten aller Art. Von Bodenfliesen bis Fliesenspiegel - wir setzen Ihre W\u00fcnsche in die Tat um.","breadcrumb":{"@id":"https:\/\/bsg-bauensanieren.de\/index.php\/leistungen\/fliesenarbeiten\/#breadcrumb"},"inLanguage":"de","potentialAction":[{"@type":"ReadAction","target":["https:\/\/bsg-bauensanieren.de\/index.php\/leistungen\/fliesenarbeiten\/"]}]},{"@type":"BreadcrumbList","@id":"https:\/\/bsg-bauensanieren.de\/index.php\/leistungen\/fliesenarbeiten\/#breadcrumb","itemListElement":[{"@type":"ListItem","position":1,"name":"Startseite","item":"https:\/\/bsg-bauensanieren.de\/"},{"@type":"ListItem","position":2,"name":"Leistungen","item":"https:\/\/bsg-bauensanieren.de\/index.php\/leistungen\/"},{"@type":"ListItem","position":3,"name":"Fliesenarbeiten"}]}]}},"_links":{"self":[{"href":"https:\/\/bsg-bauensanieren.de\/index.php\/wp-json\/wp\/v2\/pages\/28"}],"collection":[{"href":"https:\/\/bsg-bauensanieren.de\/index.php\/wp-json\/wp\/v2\/pages"}],"about":[{"href":"https:\/\/bsg-bauensanieren.de\/index.php\/wp-json\/wp\/v2\/types\/page"}],"author":[{"embeddable":true,"href":"https:\/\/bsg-bauensanieren.de\/index.php\/wp-json\/wp\/v2\/users\/1"}],"replies":[{"embeddable":true,"href":"https:\/\/bsg-bauensanieren.de\/index.php\/wp-json\/wp\/v2\/comments?post=28"}],"version-history":[{"count":12,"href":"https:\/\/bsg-bauensanieren.de\/index.php\/wp-json\/wp\/v2\/pages\/28\/revisions"}],"predecessor-version":[{"id":1185,"href":"https:\/\/bsg-bauensanieren.de\/index.php\/wp-json\/wp\/v2\/pages\/28\/revisions\/1185"}],"up":[{"embeddable":true,"href":"https:\/\/bsg-bauensanieren.de\/index.php\/wp-json\/wp\/v2\/pages\/14"}],"wp:featuredmedia":[{"embeddable":true,"href":"https:\/\/bsg-bauensanieren.de\/index.php\/wp-json\/wp\/v2\/media\/1087"}],"wp:attachment":[{"href":"https:\/\/bsg-bauensanieren.de\/index.php\/wp-json\/wp\/v2\/media?parent=28"}],"curies":[{"name":"wp","href":"https:\/\/api.w.org\/{rel}","templated":true}]}}